{"id":3533,"date":"2024-01-23T09:34:20","date_gmt":"2024-01-23T08:34:20","guid":{"rendered":"https:\/\/hoesch-spundwand.com\/wpstg-restore.php\/technical-terms-of-delivery\/"},"modified":"2024-05-27T12:32:54","modified_gmt":"2024-05-27T10:32:54","slug":"technical-terms-of-delivery","status":"publish","type":"page","link":"https:\/\/hoesch-spundwand.de\/en\/technical-terms-of-delivery\/","title":{"rendered":"General Terms of Purchase"},"content":{"rendered":"<div class=\"wpb-content-wrapper\"><p>[vc_row css=&#8221;.vc_custom_1706001827193{padding-bottom: 70px !important;}&#8221;][vc_column][vc_column_text css=&#8221;&#8221;]Here you will find an overview of our <strong>technical delivery conditions for Europe<\/strong>.<\/p>\n<p>The steel grades shown in the table are used to produce sheet piles in accordance with <strong>DIN EN 10-248-1<\/strong>.<\/p>\n<p>In addition, you will find information on<strong> boundary dimensions<\/strong> and <strong>shape tolerances<\/strong> here.[\/vc_column_text][\/vc_column][\/vc_row][vc_row][vc_column][vc_tta_tabs alignment=&#8221;center&#8221; active_section=&#8221;1&#8243; css=&#8221;.vc_custom_1706000933686{margin-bottom: 120px !important;}&#8221;][vc_tta_section title=&#8221;Steel Grades&#8221; tab_id=&#8221;1705679189214-da139535-0241&#8243;][vc_row_inner][vc_column_inner width=&#8221;2\/12&#8243;][\/vc_column_inner][vc_column_inner width=&#8221;8\/12&#8243;]<style type=\"text\/css\" data-type=\"the7_shortcodes-inline-css\">.shortcode-single-image-wrap.shortcode-single-image-b5c4be5ff38a568c1e1b479dfeb7906e.enable-bg-rollover .rollover i,\n.shortcode-single-image-wrap.shortcode-single-image-b5c4be5ff38a568c1e1b479dfeb7906e.enable-bg-rollover .rollover-video i {\n  background: -webkit-linear-gradient();\n  background: linear-gradient();\n}\n.shortcode-single-image-wrap.shortcode-single-image-b5c4be5ff38a568c1e1b479dfeb7906e .rollover-icon {\n  font-size: 32px;\n  color: #ffffff;\n  min-width: 44px;\n  min-height: 44px;\n  line-height: 44px;\n  border-radius: 100px;\n  border-style: solid;\n  border-width: 0px;\n}\n.dt-icon-bg-on.shortcode-single-image-wrap.shortcode-single-image-b5c4be5ff38a568c1e1b479dfeb7906e .rollover-icon {\n  background: rgba(255,255,255,0.3);\n  box-shadow: none;\n}<\/style><div class=\"shortcode-single-image-wrap shortcode-single-image-b5c4be5ff38a568c1e1b479dfeb7906e alignnone  enable-bg-rollover dt-icon-bg-off\" style=\"margin-top:0px; margin-bottom:0px; margin-left:0px; margin-right:0px; width:800px;\"><div class=\"shortcode-single-image\"><div class=\"fancy-media-wrap\" style=\"\"><a class=\"layzr-bg rollover rollover-zoom dt-pswp-item pswp-image\" href=\"https:\/\/hoesch-spundwand.de\/wp-content\/uploads\/2024\/04\/hoesch.media-company-demo.eu-technische-lieferbedingungen-lieferbedinungen-1.jpg\" title=\"Lieferbedinungen_1_Hoesch Spundwand und Projekte GmbH\" data-dt-img-description=\"\" data-large_image_width=\"1242\" data-large_image_height = \"1754\"  style=\"\"><img fetchpriority=\"high\" decoding=\"async\" class=\"preload-me lazy-load aspect\" src=\"data:image\/svg+xml,%3Csvg%20xmlns%3D&#39;http%3A%2F%2Fwww.w3.org%2F2000%2Fsvg&#39;%20viewBox%3D&#39;0%200%20800%201129&#39;%2F%3E\" data-src=\"https:\/\/hoesch-spundwand.de\/wp-content\/uploads\/2024\/04\/hoesch.media-company-demo.eu-technische-lieferbedingungen-lieferbedinungen-1-800x1129.jpg\" data-srcset=\"https:\/\/hoesch-spundwand.de\/wp-content\/uploads\/2024\/04\/hoesch.media-company-demo.eu-technische-lieferbedingungen-lieferbedinungen-1-800x1129.jpg 800w, https:\/\/hoesch-spundwand.de\/wp-content\/uploads\/2024\/04\/hoesch.media-company-demo.eu-technische-lieferbedingungen-lieferbedinungen-1-1242x1752.jpg 1242w\" loading=\"eager\" style=\"--ratio: 800 \/ 1129\" sizes=\"(max-width: 800px) 100vw, 800px\" width=\"800\" height=\"1129\"  data-dt-location=\"https:\/\/hoesch-spundwand.de\/technische-lieferbedingungen\/lieferbedinungen-1\/\" alt=\"Abbildung der Technischen Lieferbedingungen der Hoesch Spundwand und Projekte GmbH nach DIN EN 10 248-1 f\u00fcr warmgewalzte Spundw\u00e4nde.\" \/><\/a><\/div><\/div><\/div>[\/vc_column_inner][vc_column_inner width=&#8221;2\/12&#8243;][\/vc_column_inner][\/vc_row_inner][\/vc_tta_section][vc_tta_section title=&#8221;Boundary Dimensions &amp; Shape Tolerances&#8221; tab_id=&#8221;1705679229332-03b30454-d4fa&#8221;][vc_row_inner][vc_column_inner width=&#8221;2\/12&#8243;][\/vc_column_inner][vc_column_inner width=&#8221;8\/12&#8243;]<style type=\"text\/css\" data-type=\"the7_shortcodes-inline-css\">.shortcode-single-image-wrap.shortcode-single-image-ee224c2be50501cc50eae327a953ee86.enable-bg-rollover .rollover i,\n.shortcode-single-image-wrap.shortcode-single-image-ee224c2be50501cc50eae327a953ee86.enable-bg-rollover .rollover-video i {\n  background: -webkit-linear-gradient();\n  background: linear-gradient();\n}\n.shortcode-single-image-wrap.shortcode-single-image-ee224c2be50501cc50eae327a953ee86 .rollover-icon {\n  font-size: 32px;\n  color: #ffffff;\n  min-width: 44px;\n  min-height: 44px;\n  line-height: 44px;\n  border-radius: 100px;\n  border-style: solid;\n  border-width: 0px;\n}\n.dt-icon-bg-on.shortcode-single-image-wrap.shortcode-single-image-ee224c2be50501cc50eae327a953ee86 .rollover-icon {\n  background: rgba(255,255,255,0.3);\n  box-shadow: none;\n}<\/style><div class=\"shortcode-single-image-wrap shortcode-single-image-ee224c2be50501cc50eae327a953ee86 alignnone  enable-bg-rollover dt-icon-bg-off\" style=\"margin-top:0px; margin-bottom:0px; margin-left:0px; margin-right:0px; width:800px;\"><div class=\"shortcode-single-image\"><div class=\"fancy-media-wrap\" style=\"\"><a class=\"layzr-bg rollover rollover-zoom dt-pswp-item pswp-image\" href=\"https:\/\/hoesch-spundwand.de\/wp-content\/uploads\/2024\/04\/hoesch.media-company-demo.eu-technische-lieferbedingungen-lieferbedinungen-2.jpg\" title=\"Lieferbedinungen_2_Hoesch Spundwand und Projekte GmbH\" data-dt-img-description=\"\" data-large_image_width=\"1242\" data-large_image_height = \"1754\"  style=\"\"><img decoding=\"async\" class=\"preload-me lazy-load aspect\" src=\"data:image\/svg+xml,%3Csvg%20xmlns%3D&#39;http%3A%2F%2Fwww.w3.org%2F2000%2Fsvg&#39;%20viewBox%3D&#39;0%200%20800%201129&#39;%2F%3E\" data-src=\"https:\/\/hoesch-spundwand.de\/wp-content\/uploads\/2024\/04\/hoesch.media-company-demo.eu-technische-lieferbedingungen-lieferbedinungen-2-800x1129.jpg\" data-srcset=\"https:\/\/hoesch-spundwand.de\/wp-content\/uploads\/2024\/04\/hoesch.media-company-demo.eu-technische-lieferbedingungen-lieferbedinungen-2-800x1129.jpg 800w, https:\/\/hoesch-spundwand.de\/wp-content\/uploads\/2024\/04\/hoesch.media-company-demo.eu-technische-lieferbedingungen-lieferbedinungen-2-1242x1752.jpg 1242w\" loading=\"eager\" style=\"--ratio: 800 \/ 1129\" sizes=\"(max-width: 800px) 100vw, 800px\" width=\"800\" height=\"1129\"  data-dt-location=\"https:\/\/hoesch-spundwand.de\/technische-lieferbedingungen\/lieferbedinungen-2\/\" alt=\"Abbildung der Grenzma\u00dfe und Formtoleranzen f\u00fcr warmgewalzte Spundw\u00e4nde aus unlegiertem Stahl gem\u00e4\u00df DIN EN 10 248-1 der Hoesch Spundwand und Projekte GmbH.\" \/><\/a><\/div><\/div><\/div>[\/vc_column_inner][vc_column_inner width=&#8221;2\/12&#8243;][\/vc_column_inner][\/vc_row_inner][\/vc_tta_section][\/vc_tta_tabs][\/vc_column][\/vc_row]<\/p>\n<\/div>","protected":false},"excerpt":{"rendered":"<p>[vc_row css=&#8221;.vc_custom_1706001827193{padding-bottom: 70px !important;}&#8221;][vc_column][vc_column_text css=&#8221;&#8221;]Here you will find an overview of our technical delivery conditions for Europe. The steel grades shown in the table are used to produce sheet piles in accordance with DIN EN 10-248-1. In addition, you will find information on boundary dimensions and shape tolerances here.[\/vc_column_text][\/vc_column][\/vc_row][vc_row][vc_column][vc_tta_tabs alignment=&#8221;center&#8221; active_section=&#8221;1&#8243; css=&#8221;.vc_custom_1706000933686{margin-bottom: 120px !important;}&#8221;][vc_tta_section title=&#8221;Steel&hellip;<\/p>\n","protected":false},"author":3,"featured_media":0,"parent":0,"menu_order":1,"comment_status":"closed","ping_status":"closed","template":"","meta":{"footnotes":""},"class_list":["post-3533","page","type-page","status-publish","hentry","description-off"],"_links":{"self":[{"href":"https:\/\/hoesch-spundwand.de\/en\/wp-json\/wp\/v2\/pages\/3533","targetHints":{"allow":["GET"]}}],"collection":[{"href":"https:\/\/hoesch-spundwand.de\/en\/wp-json\/wp\/v2\/pages"}],"about":[{"href":"https:\/\/hoesch-spundwand.de\/en\/wp-json\/wp\/v2\/types\/page"}],"author":[{"embeddable":true,"href":"https:\/\/hoesch-spundwand.de\/en\/wp-json\/wp\/v2\/users\/3"}],"replies":[{"embeddable":true,"href":"https:\/\/hoesch-spundwand.de\/en\/wp-json\/wp\/v2\/comments?post=3533"}],"version-history":[{"count":3,"href":"https:\/\/hoesch-spundwand.de\/en\/wp-json\/wp\/v2\/pages\/3533\/revisions"}],"predecessor-version":[{"id":3740,"href":"https:\/\/hoesch-spundwand.de\/en\/wp-json\/wp\/v2\/pages\/3533\/revisions\/3740"}],"wp:attachment":[{"href":"https:\/\/hoesch-spundwand.de\/en\/wp-json\/wp\/v2\/media?parent=3533"}],"curies":[{"name":"wp","href":"https:\/\/api.w.org\/{rel}","templated":true}]}}