{"id":3542,"date":"2024-01-19T12:23:56","date_gmt":"2024-01-19T11:23:56","guid":{"rendered":"https:\/\/hoesch-spundwand.com\/wpstg-restore.php\/processing\/rental-service\/"},"modified":"2024-06-03T16:30:44","modified_gmt":"2024-06-03T14:30:44","slug":"rental-service","status":"publish","type":"page","link":"https:\/\/hoesch-spundwand.de\/en\/rental-service\/","title":{"rendered":"Rental Service"},"content":{"rendered":"<div class=\"wpb-content-wrapper\"><p>[vc_row type=&#8221;vc_default&#8221; margin_top=&#8221;5&#8243; margin_bottom=&#8221;15&#8243; css=&#8221;.vc_custom_1715780957120{margin-bottom: 80px !important;}&#8221;][vc_column]<div id=\"ultimate-heading-301269e9ef4e66cf5\" class=\"uvc-heading ult-adjust-bottom-margin ultimate-heading-301269e9ef4e66cf5 uvc-4549 accent-border-color\" data-hspacer=\"line_only\"  data-halign=\"left\" style=\"text-align:left\"><div class=\"uvc-main-heading ult-responsive\"  data-ultimate-target='.uvc-heading.ultimate-heading-301269e9ef4e66cf5 h2'  data-responsive-json-new='{\"font-size\":\"desktop:26px;\",\"line-height\":\"desktop:36px;\"}' ><h2 style=\"font-weight:bold;\">Sheet-Piling-Rental-Service<\/h2><\/div><div class=\"uvc-heading-spacer line_only\" style=\"margin-top:15px;margin-bottom:50px;height:4px;\"><span class=\"uvc-headings-line\" style=\"border-style:solid;border-bottom-width:4px;border-color:;width:50px;\"><\/span><\/div><\/div>[\/vc_column][vc_column width=&#8221;1\/2&#8243;]<style type=\"text\/css\" data-type=\"the7_shortcodes-inline-css\">.shortcode-single-image-wrap.shortcode-single-image-99ce5a746086827941d78f1e9b269295.enable-bg-rollover .rollover i,\n.shortcode-single-image-wrap.shortcode-single-image-99ce5a746086827941d78f1e9b269295.enable-bg-rollover .rollover-video i {\n  background: -webkit-linear-gradient();\n  background: linear-gradient();\n}\n.shortcode-single-image-wrap.shortcode-single-image-99ce5a746086827941d78f1e9b269295 .rollover-icon {\n  font-size: 32px;\n  color: #ffffff;\n  min-width: 44px;\n  min-height: 44px;\n  line-height: 44px;\n  border-radius: 100px;\n  border-style: solid;\n  border-width: 0px;\n}\n.dt-icon-bg-on.shortcode-single-image-wrap.shortcode-single-image-99ce5a746086827941d78f1e9b269295 .rollover-icon {\n  background: rgba(255,255,255,0.3);\n  box-shadow: none;\n}<\/style><div class=\"shortcode-single-image-wrap shortcode-single-image-99ce5a746086827941d78f1e9b269295 alignnone  vc_custom_1715780731931 enable-bg-rollover dt-icon-bg-off\" ><div class=\"shortcode-single-image\"><div class=\"fancy-media-wrap  layzr-bg\" style=\"\"><img fetchpriority=\"high\" decoding=\"async\" class=\"preload-me lazy-load aspect\" src=\"data:image\/svg+xml,%3Csvg%20xmlns%3D&#39;http%3A%2F%2Fwww.w3.org%2F2000%2Fsvg&#39;%20viewBox%3D&#39;0%200%20640%20277&#39;%2F%3E\" data-src=\"https:\/\/hoesch-spundwand.de\/wp-content\/uploads\/2024\/04\/35a-vermietung-von-spundbohlen-fuer-den-temporaeren-einsatz-hoesch-spundwand-640x277.jpg\" data-srcset=\"https:\/\/hoesch-spundwand.de\/wp-content\/uploads\/2024\/04\/35a-vermietung-von-spundbohlen-fuer-den-temporaeren-einsatz-hoesch-spundwand-640x277.jpg 640w, https:\/\/hoesch-spundwand.de\/wp-content\/uploads\/2024\/04\/35a-vermietung-von-spundbohlen-fuer-den-temporaeren-einsatz-hoesch-spundwand-1280x554.jpg 1280w\" loading=\"eager\" sizes=\"(max-width: 640px) 100vw, 640px\" width=\"640\" height=\"277\"  data-dt-location=\"https:\/\/hoesch-spundwand.de\/home\/35a_vermietung_von_spundbohlen_fuer-den_temporaeren_einsatz_hoesch_spundwand\/\" style=\"--ratio: 640 \/ 277;\" alt=\"Ansicht auf Hoesch Spundbohlen, die zur Miete f\u00fcr den tempor\u00e4ren Einsatz bei Bauprojekten bestimmt sind.\" \/><\/div><\/div><\/div>[\/vc_column][vc_column width=&#8221;1\/2&#8243;][vc_column_text css=&#8221;.vc_custom_1716812407530{padding-bottom: 1rem !important;}&#8221;]In addition to the sale of our products, we can also offer you our sheet piles <strong>for rent at short notice<\/strong> thanks to our <a href=\"https:\/\/hoesch-spundwand.de\/en\/production-and-warehouse\/#lagerstandorte\">well-stocked warehouses<\/a>. Sheet piles are often only needed for temporary use, e.g., for the construction of support structures or for installation.<\/p>\n<p>Construction companies may not have the right planks in stock for this purpose, or the purchase of the sheet piles is uneconomical as a subsequent application is not considered. Especially for these <strong>individual requirements,<\/strong> you can use our rental service.[\/vc_column_text][vc_column_text css=&#8221;.vc_custom_1716812451230{margin-bottom: 1rem !important;}&#8221;]If necessary, we also take care of the <strong>transport<\/strong> of the required materials to the location you want.[\/vc_column_text][\/vc_column][\/vc_row][vc_row type=&#8221;vc_default&#8221; margin_top=&#8221;5&#8243; margin_bottom=&#8221;15&#8243; css=&#8221;.vc_custom_1705666755458{margin-bottom: 170px !important;}&#8221;][vc_column width=&#8221;1\/2&#8243;][vc_column_text css=&#8221;.vc_custom_1712742816261{margin-bottom: 1rem !important;}&#8221;]We make sure that your goods reach you easily across all trade barriers.<\/p>\n<p>Our logistics department will be happy to advise you comprehensively in this regard.[\/vc_column_text][\/vc_column][vc_column width=&#8221;1\/2&#8243;]<style type=\"text\/css\" data-type=\"the7_shortcodes-inline-css\">.shortcode-single-image-wrap.shortcode-single-image-733e53d2bff177cb7fd07d656c3c757f.enable-bg-rollover .rollover i,\n.shortcode-single-image-wrap.shortcode-single-image-733e53d2bff177cb7fd07d656c3c757f.enable-bg-rollover .rollover-video i {\n  background: -webkit-linear-gradient();\n  background: linear-gradient();\n}\n.shortcode-single-image-wrap.shortcode-single-image-733e53d2bff177cb7fd07d656c3c757f .rollover-icon {\n  font-size: 32px;\n  color: #ffffff;\n  min-width: 44px;\n  min-height: 44px;\n  line-height: 44px;\n  border-radius: 100px;\n  border-style: solid;\n  border-width: 0px;\n}\n.dt-icon-bg-on.shortcode-single-image-wrap.shortcode-single-image-733e53d2bff177cb7fd07d656c3c757f .rollover-icon {\n  background: rgba(255,255,255,0.3);\n  box-shadow: none;\n}<\/style><div class=\"shortcode-single-image-wrap shortcode-single-image-733e53d2bff177cb7fd07d656c3c757f alignnone  enable-bg-rollover dt-icon-bg-off\" style=\"margin-top:0px; margin-bottom:0px; margin-left:0px; margin-right:0px; width:700px;\"><div class=\"shortcode-single-image\"><div class=\"fancy-media-wrap  layzr-bg\" style=\"\"><img decoding=\"async\" class=\"preload-me lazy-load aspect\" src=\"data:image\/svg+xml,%3Csvg%20xmlns%3D&#39;http%3A%2F%2Fwww.w3.org%2F2000%2Fsvg&#39;%20viewBox%3D&#39;0%200%20700%20300&#39;%2F%3E\" data-src=\"https:\/\/hoesch-spundwand.de\/wp-content\/uploads\/2024\/01\/hoesch.media-company-demo.eu-img-4167-700x300.jpg\" data-srcset=\"https:\/\/hoesch-spundwand.de\/wp-content\/uploads\/2024\/01\/hoesch.media-company-demo.eu-img-4167-700x300.jpg 700w, https:\/\/hoesch-spundwand.de\/wp-content\/uploads\/2024\/01\/hoesch.media-company-demo.eu-img-4167-1400x600.jpg 1400w\" loading=\"eager\" sizes=\"(max-width: 700px) 100vw, 700px\" width=\"700\" height=\"300\"  data-dt-location=\"https:\/\/hoesch-spundwand.de\/img_4167\/\" style=\"--ratio: 700 \/ 300;\" alt=\"Die Hoesch Spundwand und Projekte GmbH sorgt daf\u00fcr, dass Ihre G\u00fcter \u00fcber alle Handelsschranken hinweg problemlos zu Ihnen gelangen.\" \/><\/div><\/div><\/div><style type=\"text\/css\" data-type=\"the7_shortcodes-inline-css\">#default-btn-cf20b7ab35d40b993c91569f2c700e59.ico-right-side > i {\n  margin-right: 0px;\n  margin-left: 8px;\n}\n#default-btn-cf20b7ab35d40b993c91569f2c700e59 > i {\n  margin-right: 8px;\n}<\/style><a href=\"\/en\/contact\/\" class=\"default-btn-shortcode dt-btn dt-btn-m link-hover-off full-width-btn btn-inline-left \" id=\"default-btn-cf20b7ab35d40b993c91569f2c700e59\" title=\"Contact\"><span>Contact us<\/span><\/a>[\/vc_column][\/vc_row][vc_section css=&#8221;.vc_custom_1705593930756{padding-bottom: 70px !important;}&#8221;][vc_row equal_height=&#8221;yes&#8221; content_placement=&#8221;middle&#8221; bg_type=&#8221;bg_color&#8221; bg_override=&#8221;full&#8221; bg_color_value=&#8221;rgba(0,0,0,0.04)&#8221; css=&#8221;.vc_custom_1705667921697{padding-top: 70px !important;padding-bottom: 40px !important;}&#8221;][vc_column width=&#8221;1\/3&#8243;]<div class=\"ult-content-box-container \" >\t\t<div class=\"ult-content-box\" style=\"background-color:#ffffff;box-shadow: px px px px none;border-style:solid;border-width:2px;border-color:#000000;padding-top:40px;padding-right:30px;padding-bottom:40px;padding-left:30px;min-height:448px;-webkit-transition: all 700ms ease;-moz-transition: all 700ms ease;-ms-transition: all 700ms ease;-o-transition: all 700ms ease;transition: all 700ms ease;\"  data-hover_box_shadow=\"none\"  data-hover_border_color=\"#020202\"   data-responsive_margins=\"margin-bottom:30px;\"    data-bg=\"#ffffff\"  data-border_color=\"#000000\" ><div id=\"ultimate-heading-47669e9ef4e6bc89\" class=\"uvc-heading ult-adjust-bottom-margin ultimate-heading-47669e9ef4e6bc89 uvc-4309 accent-border-color uvc-heading-default-font-sizes\" data-hspacer=\"line_only\"  data-halign=\"left\" style=\"text-align:left\"><div class=\"uvc-main-heading ult-responsive\"  data-ultimate-target='.uvc-heading.ultimate-heading-47669e9ef4e6bc89 h4'  data-responsive-json-new='{\"font-size\":\"\",\"line-height\":\"\"}' ><h4 style=\"font-weight:bold;\">Promise of Quality<\/h4><\/div><div class=\"uvc-heading-spacer line_only\" style=\"margin-top:15px;margin-bottom:25px;height:4px;\"><span class=\"uvc-headings-line\" style=\"border-style:solid;border-bottom-width:4px;border-color:;width:50px;\"><\/span><\/div><\/div>[vc_column_text]After each return from our experts, our sheet piles undergo a <strong>professional and complete refurbishment<\/strong> that ensures the planks maintain their original properties and quality.[\/vc_column_text]\t\t<\/div><\/div>[\/vc_column][vc_column width=&#8221;1\/3&#8243;]<div class=\"ult-content-box-container \" >\t\t<div class=\"ult-content-box\" style=\"background-color:#ffffff;box-shadow: px px px px none;border-style:solid;border-width:2px;border-color:#000000;padding-top:40px;padding-right:30px;padding-bottom:40px;padding-left:30px;min-height:448px;-webkit-transition: all 700ms ease;-moz-transition: all 700ms ease;-ms-transition: all 700ms ease;-o-transition: all 700ms ease;transition: all 700ms ease;\"  data-hover_box_shadow=\"none\"  data-hover_border_color=\"#050505\"   data-responsive_margins=\"margin-bottom:30px;\"    data-bg=\"#ffffff\"  data-border_color=\"#000000\" ><div id=\"ultimate-heading-225569e9ef4e6bd9a\" class=\"uvc-heading ult-adjust-bottom-margin ultimate-heading-225569e9ef4e6bd9a uvc-1574 accent-border-color uvc-heading-default-font-sizes\" data-hspacer=\"line_only\"  data-halign=\"left\" style=\"text-align:left\"><div class=\"uvc-main-heading ult-responsive\"  data-ultimate-target='.uvc-heading.ultimate-heading-225569e9ef4e6bd9a h4'  data-responsive-json-new='{\"font-size\":\"\",\"line-height\":\"\"}' ><h4 style=\"font-weight:bold;\">Sustainability<\/h4><\/div><div class=\"uvc-heading-spacer line_only\" style=\"margin-top:15px;margin-bottom:25px;height:4px;\"><span class=\"uvc-headings-line\" style=\"border-style:solid;border-bottom-width:4px;border-color:;width:50px;\"><\/span><\/div><\/div>[vc_column_text css=&#8221;&#8221;]<a name=\"_GoBack\"><\/a> Sheet piles are a very sustainable option. The <strong>multiple reuse<\/strong> of the sheet piles reduces their environmental impact, and even more if they are <strong>recycled<\/strong> at the end of their useful life, so that they can be incorporated into the production process of new steel products.[\/vc_column_text]\t\t<\/div><\/div>[\/vc_column][vc_column width=&#8221;1\/3&#8243;]<div class=\"ult-content-box-container \" >\t\t<div class=\"ult-content-box\" style=\"background-color:#ffffff;box-shadow: px px px px none;border-style:solid;border-width:2px;border-color:#000000;padding-top:40px;padding-right:30px;padding-bottom:40px;padding-left:30px;min-height:448px;-webkit-transition: all 700ms ease;-moz-transition: all 700ms ease;-ms-transition: all 700ms ease;-o-transition: all 700ms ease;transition: all 700ms ease;\"  data-hover_bg_color=\"#ffffff\"  data-hover_box_shadow=\"none\"  data-hover_border_color=\"#050505\"     data-bg=\"#ffffff\"  data-border_color=\"#000000\" ><div id=\"ultimate-heading-128869e9ef4e6be75\" class=\"uvc-heading ult-adjust-bottom-margin ultimate-heading-128869e9ef4e6be75 uvc-5945 accent-border-color uvc-heading-default-font-sizes\" data-hspacer=\"line_only\"  data-halign=\"left\" style=\"text-align:left\"><div class=\"uvc-main-heading ult-responsive\"  data-ultimate-target='.uvc-heading.ultimate-heading-128869e9ef4e6be75 h4'  data-responsive-json-new='{\"font-size\":\"\",\"line-height\":\"\"}' ><h4 style=\"font-weight:bold;\">Repurchase of used Sheet Pile Walls<\/h4><\/div><div class=\"uvc-heading-spacer line_only\" style=\"margin-top:15px;margin-bottom:25px;height:4px;\"><span class=\"uvc-headings-line\" style=\"border-style:solid;border-bottom-width:4px;border-color:;width:50px;\"><\/span><\/div><\/div>[vc_column_text css=&#8221;&#8221;]For projects where it is not clear at the beginning of the construction phase whether all or only parts of the purchased goods will be dismantled, we are happy to offer you the option of \u201c<strong>sale with buyback<\/strong>\u201d.[\/vc_column_text]\t\t<\/div><\/div>[\/vc_column][\/vc_row][vc_row equal_height=&#8221;yes&#8221; content_placement=&#8221;middle&#8221; bg_type=&#8221;bg_color&#8221; bg_override=&#8221;full&#8221; bg_color_value=&#8221;rgba(0,0,0,0.04)&#8221; css=&#8221;.vc_custom_1705667264730{padding-bottom: 70px !important;}&#8221;][vc_column width=&#8221;1\/6&#8243;][\/vc_column][vc_column width=&#8221;4\/6&#8243;][vc_column_text css=&#8221;&#8221;]<\/p>\n<p style=\"text-align: center;\"><strong>With the purchase contract, we provide the option to buy back the delivered goods at specified conditions and guarantee you a fast and uncomplicated processing.<\/strong><\/p>\n<p>[\/vc_column_text][\/vc_column][vc_column width=&#8221;1\/6&#8243;][\/vc_column][\/vc_row][\/vc_section]<\/p>\n<\/div>","protected":false},"excerpt":{"rendered":"<p>[vc_row type=&#8221;vc_default&#8221; margin_top=&#8221;5&#8243; margin_bottom=&#8221;15&#8243; css=&#8221;.vc_custom_1715780957120{margin-bottom: 80px !important;}&#8221;][vc_column][\/vc_column][vc_column width=&#8221;1\/2&#8243;][\/vc_column][vc_column width=&#8221;1\/2&#8243;][vc_column_text css=&#8221;.vc_custom_1716812407530{padding-bottom: 1rem !important;}&#8221;]In addition to the sale of our products, we can also offer you our sheet piles for rent at short notice thanks to our well-stocked warehouses. Sheet piles are often only needed for temporary use, e.g., for the construction of support structures or for&hellip;<\/p>\n","protected":false},"author":3,"featured_media":0,"parent":0,"menu_order":1,"comment_status":"closed","ping_status":"closed","template":"","meta":{"footnotes":""},"class_list":["post-3542","page","type-page","status-publish","hentry","description-off"],"_links":{"self":[{"href":"https:\/\/hoesch-spundwand.de\/en\/wp-json\/wp\/v2\/pages\/3542","targetHints":{"allow":["GET"]}}],"collection":[{"href":"https:\/\/hoesch-spundwand.de\/en\/wp-json\/wp\/v2\/pages"}],"about":[{"href":"https:\/\/hoesch-spundwand.de\/en\/wp-json\/wp\/v2\/types\/page"}],"author":[{"embeddable":true,"href":"https:\/\/hoesch-spundwand.de\/en\/wp-json\/wp\/v2\/users\/3"}],"replies":[{"embeddable":true,"href":"https:\/\/hoesch-spundwand.de\/en\/wp-json\/wp\/v2\/comments?post=3542"}],"version-history":[{"count":10,"href":"https:\/\/hoesch-spundwand.de\/en\/wp-json\/wp\/v2\/pages\/3542\/revisions"}],"predecessor-version":[{"id":3913,"href":"https:\/\/hoesch-spundwand.de\/en\/wp-json\/wp\/v2\/pages\/3542\/revisions\/3913"}],"wp:attachment":[{"href":"https:\/\/hoesch-spundwand.de\/en\/wp-json\/wp\/v2\/media?parent=3542"}],"curies":[{"name":"wp","href":"https:\/\/api.w.org\/{rel}","templated":true}]}}