{"id":3554,"date":"2024-01-23T09:18:07","date_gmt":"2024-01-23T08:18:07","guid":{"rendered":"https:\/\/hoesch-spundwand.com\/wpstg-restore.php\/press-and-media\/"},"modified":"2024-10-11T10:05:51","modified_gmt":"2024-10-11T08:05:51","slug":"press-and-media","status":"publish","type":"page","link":"https:\/\/hoesch-spundwand.de\/en\/press-and-media\/","title":{"rendered":"Press and Media"},"content":{"rendered":"<div class=\"wpb-content-wrapper\"><p>[vc_row bg_type=&#8221;bg_color&#8221; bg_override=&#8221;full&#8221; css=&#8221;.vc_custom_1728633816983{margin-bottom: 80px !important;padding-top: 100px !important;padding-bottom: 100px !important;}&#8221; bg_color_value=&#8221;#f5f5f5&#8243;][vc_column width=&#8221;1\/2&#8243;][vc_row_inner][vc_column_inner width=&#8221;1\/2&#8243; css=&#8221;.vc_custom_1728467515127{padding-top: 100px !important;}&#8221;]<style type=\"text\/css\" data-type=\"the7_shortcodes-inline-css\">.shortcode-single-image-wrap.shortcode-single-image-296e45e26239ea1efc3ba4b2153e3ad2.enable-bg-rollover .rollover i,\n.shortcode-single-image-wrap.shortcode-single-image-296e45e26239ea1efc3ba4b2153e3ad2.enable-bg-rollover .rollover-video i {\n  background: -webkit-linear-gradient();\n  background: linear-gradient();\n}\n.shortcode-single-image-wrap.shortcode-single-image-296e45e26239ea1efc3ba4b2153e3ad2 .rollover-icon {\n  font-size: 32px;\n  color: #ffffff;\n  min-width: 44px;\n  min-height: 44px;\n  line-height: 44px;\n  border-radius: 100px;\n  border-style: solid;\n  border-width: 0px;\n}\n.dt-icon-bg-on.shortcode-single-image-wrap.shortcode-single-image-296e45e26239ea1efc3ba4b2153e3ad2 .rollover-icon {\n  background: rgba(255,255,255,0.3);\n  box-shadow: none;\n}<\/style><div class=\"shortcode-single-image-wrap shortcode-single-image-296e45e26239ea1efc3ba4b2153e3ad2 alignnone  vc_custom_1728464975367 enable-bg-rollover dt-icon-bg-off\" ><div class=\"shortcode-single-image\"><div class=\"fancy-media-wrap\" style=\"\"><a class=\"layzr-bg rollover rollover-zoom dt-pswp-item pswp-image\" href=\"https:\/\/hoesch-spundwand.de\/wp-content\/uploads\/2024\/10\/tv-hoesch.jpg\" title=\"TV Hoesch\" data-dt-img-description=\"\" data-large_image_width=\"1280\" data-large_image_height = \"720\"  style=\"\"><img fetchpriority=\"high\" decoding=\"async\" class=\"preload-me lazy-load aspect\" src=\"data:image\/svg+xml,%3Csvg%20xmlns%3D&#39;http%3A%2F%2Fwww.w3.org%2F2000%2Fsvg&#39;%20viewBox%3D&#39;0%200%20500%20281&#39;%2F%3E\" data-src=\"https:\/\/hoesch-spundwand.de\/wp-content\/uploads\/2024\/10\/tv-hoesch-500x281.jpg\" data-srcset=\"https:\/\/hoesch-spundwand.de\/wp-content\/uploads\/2024\/10\/tv-hoesch-500x281.jpg 500w, https:\/\/hoesch-spundwand.de\/wp-content\/uploads\/2024\/10\/tv-hoesch-1000x562.jpg 1000w\" loading=\"eager\" style=\"--ratio: 500 \/ 281\" sizes=\"(max-width: 500px) 100vw, 500px\" width=\"500\" height=\"281\"  data-dt-location=\"https:\/\/hoesch-spundwand.de\/en\/press-and-media\/attachment\/tv-hoesch-2-2\/\" alt=\"Zeichnung eines TV Ger\u00e4tes, dass das Hoesch Spundwand Logo zeigt.\" \/><\/a><\/div><\/div><\/div>[\/vc_column_inner][vc_column_inner width=&#8221;1\/2&#8243; css=&#8221;.vc_custom_1728467523377{padding-top: 100px !important;}&#8221;]<style type=\"text\/css\" data-type=\"the7_shortcodes-inline-css\">.shortcode-single-image-wrap.shortcode-single-image-435ee8762033c3cf19357c9c1740f59b.enable-bg-rollover .rollover i,\n.shortcode-single-image-wrap.shortcode-single-image-435ee8762033c3cf19357c9c1740f59b.enable-bg-rollover .rollover-video i {\n  background: -webkit-linear-gradient();\n  background: linear-gradient();\n}\n.shortcode-single-image-wrap.shortcode-single-image-435ee8762033c3cf19357c9c1740f59b .rollover-icon {\n  font-size: 32px;\n  color: #ffffff;\n  min-width: 44px;\n  min-height: 44px;\n  line-height: 44px;\n  border-radius: 100px;\n  border-style: solid;\n  border-width: 0px;\n}\n.dt-icon-bg-on.shortcode-single-image-wrap.shortcode-single-image-435ee8762033c3cf19357c9c1740f59b .rollover-icon {\n  background: rgba(255,255,255,0.3);\n  box-shadow: none;\n}<\/style><div class=\"shortcode-single-image-wrap shortcode-single-image-435ee8762033c3cf19357c9c1740f59b alignnone  enable-bg-rollover dt-icon-bg-off\" style=\"margin-top:0px; margin-bottom:0px; margin-left:0px; margin-right:0px; width:1000px;\"><div class=\"shortcode-single-image\"><div class=\"fancy-media-wrap  layzr-bg\" style=\"\"><img decoding=\"async\" class=\"preload-me lazy-load aspect\" src=\"data:image\/svg+xml,%3Csvg%20xmlns%3D&#39;http%3A%2F%2Fwww.w3.org%2F2000%2Fsvg&#39;%20viewBox%3D&#39;0%200%201000%201050&#39;%2F%3E\" data-src=\"https:\/\/hoesch-spundwand.de\/wp-content\/uploads\/2024\/10\/20240930-135017-1-scaled-1000x1050.jpg\" data-srcset=\"https:\/\/hoesch-spundwand.de\/wp-content\/uploads\/2024\/10\/20240930-135017-1-scaled-1000x1050.jpg 1000w, https:\/\/hoesch-spundwand.de\/wp-content\/uploads\/2024\/10\/20240930-135017-1-scaled-1153x1211.jpg 1153w\" loading=\"eager\" sizes=\"(max-width: 1000px) 100vw, 1000px\" width=\"1000\" height=\"1050\"  data-dt-location=\"https:\/\/hoesch-spundwand.de\/en\/press-and-media\/attachment\/20240930_135017-2-2\/\" style=\"--ratio: 1000 \/ 1050;\" alt=\"Das WDR Team ist mit Christian Garms, Gesch\u00e4ftsf\u00fchrer Hoesch Spundwand, auf einer Baustelle\" \/><\/div><\/div><\/div>[\/vc_column_inner][\/vc_row_inner][vc_row_inner][vc_column_inner width=&#8221;1\/2&#8243;][\/vc_column_inner][vc_column_inner width=&#8221;1\/2&#8243;][\/vc_column_inner][\/vc_row_inner][\/vc_column][vc_column width=&#8221;1\/2&#8243;]<div id=\"ultimate-heading-738669d62ac251e83\" class=\"uvc-heading ult-adjust-bottom-margin ultimate-heading-738669d62ac251e83 uvc-7777 accent-border-color\" data-hspacer=\"line_only\"  data-halign=\"left\" style=\"text-align:left\"><div class=\"uvc-main-heading ult-responsive\"  data-ultimate-target='.uvc-heading.ultimate-heading-738669d62ac251e83 h2'  data-responsive-json-new='{\"font-size\":\"desktop:26px;\",\"line-height\":\"desktop:36px;\"}' ><h2 style=\"font-weight:bold;\">WDR visits Hoesch Spundwand<\/h2><\/div><div class=\"uvc-heading-spacer line_only\" style=\"margin-top:15px;margin-bottom:15px;height:4px;\"><span class=\"uvc-headings-line\" style=\"border-style:solid;border-bottom-width:4px;border-color:;width:50px;\"><\/span><\/div><\/div>[vc_column_text css=&#8221;.vc_custom_1728466840110{margin-bottom: 18px !important;}&#8221;]<em>10\/2024<\/em>[\/vc_column_text][vc_column_text css=&#8221;.vc_custom_1728470559769{margin-bottom: 15px !important;}&#8221;]At the beginning of October 2024, a three-person team from \u201cWestdeutscher Rundfunk\u201d paid us a visit to our office in Duisburg.<br \/>\nThe WDR crew, led by business journalist and reporter Kay Bandermann, filmed an exciting report about our company\u2019s origins and products for the broadcast \u201cLokalzeit\u201d Duisburg, Essen, and Dortmund.[\/vc_column_text][vc_column_text css=&#8221;.vc_custom_1728466920356{margin-bottom: 15px !important;}&#8221;]Together with our managing director Christian Garms, they visited a construction site in the \u201cDuisburg-Neuenkamp\u201d district, where our sheet piles are currently being installed to help build the new Rhine bridge over the A40.[\/vc_column_text][vc_column_text css=&#8221;.vc_custom_1728467772769{margin-bottom: 15px !important;}&#8221;]Click here for the report:<\/p>\n<p><a href=\"https:\/\/www1.wdr.de\/lokalzeit\/fernsehen\/duisburg\/lokalzeit-aus-duisburg-clip-lokalzeit-aus-duisburg--04-10-2024-100.html\" target=\"_blank\" rel=\"noopener\">Lokalzeit aus Duisburg | 04.10.2024 &#8211; Lokalzeit aus Duisburg &#8211; Sendungen A-Z &#8211; Video &#8211; Mediathek &#8211; WDR<\/a><\/p>\n<p>&nbsp;<\/p>\n<p>And here to get to the articles (german version) :<\/p>\n<p><a href=\"https:\/\/www1.wdr.de\/nachrichten\/ruhrgebiet\/dortmunder-spundwand-jetzt-made-in-china-100.html\" target=\"_blank\" rel=\"noopener\">Dortmunder Spundwand jetzt \u201emade in China\u201c &#8211; Ruhrgebiet &#8211; Nachrichten &#8211; WDR<\/a><\/p>\n<p><a href=\"https:\/\/die-nachrichten.at\/deutschland\/niedersachsen\/salzgitter\/vom-arbeitskampf-zur-globalen-produktion-jetzt-erobert-hoesch-china-5\/\" target=\"_blank\" rel=\"noopener\">Vom Arbeitskampf zur globalen Produktion: Jetzt erobert Hoesch China! \u2013 Die Nachrichten \u00d6sterreich (die-nachrichten.at)<\/a>[\/vc_column_text][\/vc_column][\/vc_row][vc_row bg_type=&#8221;bg_color&#8221; bg_override=&#8221;full&#8221; css=&#8221;.vc_custom_1728633916041{margin-bottom: 80px !important;padding-top: 100px !important;padding-bottom: 100px !important;}&#8221; bg_color_value=&#8221;#f5f5f5&#8243;][vc_column width=&#8221;1\/2&#8243;][vc_row_inner][vc_column_inner width=&#8221;1\/2&#8243; css=&#8221;.vc_custom_1728467827892{padding-top: 100px !important;}&#8221;]<style type=\"text\/css\" data-type=\"the7_shortcodes-inline-css\">.shortcode-single-image-wrap.shortcode-single-image-d741d14b893deb3d1380599e073f47c5.enable-bg-rollover .rollover i,\n.shortcode-single-image-wrap.shortcode-single-image-d741d14b893deb3d1380599e073f47c5.enable-bg-rollover .rollover-video i {\n  background: -webkit-linear-gradient();\n  background: linear-gradient();\n}\n.shortcode-single-image-wrap.shortcode-single-image-d741d14b893deb3d1380599e073f47c5 .rollover-icon {\n  font-size: 32px;\n  color: #ffffff;\n  min-width: 44px;\n  min-height: 44px;\n  line-height: 44px;\n  border-radius: 100px;\n  border-style: solid;\n  border-width: 0px;\n}\n.dt-icon-bg-on.shortcode-single-image-wrap.shortcode-single-image-d741d14b893deb3d1380599e073f47c5 .rollover-icon {\n  background: rgba(255,255,255,0.3);\n  box-shadow: none;\n}<\/style><div class=\"shortcode-single-image-wrap shortcode-single-image-d741d14b893deb3d1380599e073f47c5 alignnone  vc_custom_1714477619287 enable-bg-rollover dt-icon-bg-off\" ><div class=\"shortcode-single-image\"><div class=\"fancy-media-wrap\" style=\"\"><a class=\"layzr-bg rollover rollover-zoom dt-pswp-item pswp-image\" href=\"https:\/\/hoesch-spundwand.de\/wp-content\/uploads\/2024\/04\/52--deko-nikloauskopf-mit-spendenbestaetigung-der-hoesch-spundwand--und-projekte--gmbh-1-scaled.jpeg\" title=\"52_ Deko_Nikloauskopf_mit_Spendenbest\u00e4tigung_der_Hoesch_Spundwand_ und_Projekte_ GmbH\" data-dt-img-description=\"\" data-large_image_width=\"1920\" data-large_image_height=\"2560\" style=\"\"><img decoding=\"async\" class=\"preload-me lazy-load aspect\" src=\"data:image\/svg+xml,%3Csvg%20xmlns%3D&#39;http%3A%2F%2Fwww.w3.org%2F2000%2Fsvg&#39;%20viewBox%3D&#39;0%200%20800%201050&#39;%2F%3E\" data-src=\"https:\/\/hoesch-spundwand.de\/wp-content\/uploads\/2024\/04\/52--deko-nikloauskopf-mit-spendenbestaetigung-der-hoesch-spundwand--und-projekte--gmbh-1-scaled-800x1050.jpeg\" data-srcset=\"https:\/\/hoesch-spundwand.de\/wp-content\/uploads\/2024\/04\/52--deko-nikloauskopf-mit-spendenbestaetigung-der-hoesch-spundwand--und-projekte--gmbh-1-scaled-800x1050.jpeg 800w, https:\/\/hoesch-spundwand.de\/wp-content\/uploads\/2024\/04\/52--deko-nikloauskopf-mit-spendenbestaetigung-der-hoesch-spundwand--und-projekte--gmbh-1-scaled-1600x2100.jpeg 1600w\" loading=\"eager\" style=\"--ratio: 800 \/ 1050\" sizes=\"(max-width: 800px) 100vw, 800px\" width=\"800\" height=\"1050\"  data-dt-location=\"https:\/\/hoesch-spundwand.de\/presse-medien\/attachment\/52_-deko_nikloauskopf_mit_spendenbestaetigung_der_hoesch_spundwand_-und_projekte_-gmbh-2\/\" alt=\"Deko Filz-Nikolaus in dem sich die Spendenbest\u00e4tigung der Hoesch Spundwand und Projekte GmbH f\u00fcr die Kinder- und Jugendhospizdienst des Malteser Hospizes St. Raphael in Duisburg befindet.\" \/><\/a><\/div><\/div><\/div>[\/vc_column_inner][vc_column_inner width=&#8221;1\/2&#8243; css=&#8221;.vc_custom_1728469040000{padding-top: 100px !important;}&#8221;]<style type=\"text\/css\" data-type=\"the7_shortcodes-inline-css\">.shortcode-single-image-wrap.shortcode-single-image-14f868aad468c07825b5bee4421c4c43.enable-bg-rollover .rollover i,\n.shortcode-single-image-wrap.shortcode-single-image-14f868aad468c07825b5bee4421c4c43.enable-bg-rollover .rollover-video i {\n  background: -webkit-linear-gradient();\n  background: linear-gradient();\n}\n.shortcode-single-image-wrap.shortcode-single-image-14f868aad468c07825b5bee4421c4c43 .rollover-icon {\n  font-size: 32px;\n  color: #ffffff;\n  min-width: 44px;\n  min-height: 44px;\n  line-height: 44px;\n  border-radius: 100px;\n  border-style: solid;\n  border-width: 0px;\n}\n.dt-icon-bg-on.shortcode-single-image-wrap.shortcode-single-image-14f868aad468c07825b5bee4421c4c43 .rollover-icon {\n  background: rgba(255,255,255,0.3);\n  box-shadow: none;\n}<\/style><div class=\"shortcode-single-image-wrap shortcode-single-image-14f868aad468c07825b5bee4421c4c43 alignnone  vc_custom_1714477823569 enable-bg-rollover dt-icon-bg-off\" ><div class=\"shortcode-single-image\"><div class=\"fancy-media-wrap\" style=\"\"><a class=\"layzr-bg rollover rollover-zoom dt-pswp-item pswp-image\" href=\"https:\/\/hoesch-spundwand.de\/wp-content\/uploads\/2024\/04\/53-christian--garms--geschaeftsfuehrer--hoesch--spundwand-und-projekte-gmbh--bei-spendenuebergabe-fuer--kinder-und-jugendhospiz-in--duisburg-scaled.jpeg\" title=\"53_Christian_ Garms_ Gesch\u00e4ftsf\u00fchrer_ Hoesch_ Spundwand_und Projekte_GmbH_ bei_Spenden\u00fcbergabe_f\u00fcr_ Kinder- und Jugendhospiz_in_ Duisburg\" data-dt-img-description=\"\" data-large_image_width=\"1920\" data-large_image_height=\"2560\" style=\"\"><img decoding=\"async\" class=\"preload-me lazy-load aspect\" src=\"data:image\/svg+xml,%3Csvg%20xmlns%3D&#39;http%3A%2F%2Fwww.w3.org%2F2000%2Fsvg&#39;%20viewBox%3D&#39;0%200%20800%201050&#39;%2F%3E\" data-src=\"https:\/\/hoesch-spundwand.de\/wp-content\/uploads\/2024\/04\/53-christian--garms--geschaeftsfuehrer--hoesch--spundwand-und-projekte-gmbh--bei-spendenuebergabe-fuer--kinder-und-jugendhospiz-in--duisburg-scaled-800x1050.jpeg\" data-srcset=\"https:\/\/hoesch-spundwand.de\/wp-content\/uploads\/2024\/04\/53-christian--garms--geschaeftsfuehrer--hoesch--spundwand-und-projekte-gmbh--bei-spendenuebergabe-fuer--kinder-und-jugendhospiz-in--duisburg-scaled-800x1050.jpeg 800w, https:\/\/hoesch-spundwand.de\/wp-content\/uploads\/2024\/04\/53-christian--garms--geschaeftsfuehrer--hoesch--spundwand-und-projekte-gmbh--bei-spendenuebergabe-fuer--kinder-und-jugendhospiz-in--duisburg-scaled-1600x2100.jpeg 1600w\" loading=\"eager\" style=\"--ratio: 800 \/ 1050\" sizes=\"(max-width: 800px) 100vw, 800px\" width=\"800\" height=\"1050\"  data-dt-location=\"https:\/\/hoesch-spundwand.de\/home\/53_christian_-garms_-geschaeftsfuehrer_-hoesch_-spundwand_und-projekte_gmbh_-bei_spendenuebergabe_fuer_-kinder-und-jugendhospiz_in_-duisburg\/\" alt=\"Das Foto zeigt Herrn Christian Garms, Gesch\u00e4ftsf\u00fchrer der Hoesch Spundwand und Projekte GmbH, bei der Spenden\u00fcbergabe mit Frau Katja Arens, Leiterin Ambulante Hospizdienste, f\u00fcr die Kinder-und Jugendhospiz in Duisburg .\" \/><\/a><\/div><\/div><\/div>[\/vc_column_inner][\/vc_row_inner][vc_row_inner][vc_column_inner width=&#8221;1\/2&#8243;][\/vc_column_inner][vc_column_inner width=&#8221;1\/2&#8243;][\/vc_column_inner][\/vc_row_inner][\/vc_column][vc_column width=&#8221;1\/2&#8243;]<div id=\"ultimate-heading-233569d62ac2568d9\" class=\"uvc-heading ult-adjust-bottom-margin ultimate-heading-233569d62ac2568d9 uvc-3237 accent-border-color\" data-hspacer=\"line_only\"  data-halign=\"left\" style=\"text-align:left\"><div class=\"uvc-main-heading ult-responsive\"  data-ultimate-target='.uvc-heading.ultimate-heading-233569d62ac2568d9 h2'  data-responsive-json-new='{\"font-size\":\"desktop:26px;\",\"line-height\":\"desktop:36px;\"}' ><h2 style=\"font-weight:bold;\">Donation to the children's and youth hospice service of the Malteser Hospizzentrum St. Raphael, Duisburg<\/h2><\/div><div class=\"uvc-heading-spacer line_only\" style=\"margin-top:15px;margin-bottom:15px;height:4px;\"><span class=\"uvc-headings-line\" style=\"border-style:solid;border-bottom-width:4px;border-color:;width:50px;\"><\/span><\/div><\/div>[vc_column_text css=&#8221;.vc_custom_1714477195017{margin-bottom: 18px !important;}&#8221;]<em>12\/2023<\/em>[\/vc_column_text][vc_column_text css=&#8221;.vc_custom_1728466675295{margin-bottom: 15px !important;}&#8221;]Our &#8220;Hoesch Spundwand und Projekte Santa Claus&#8221; had a visit to the children\u2019s and youth hospice service of the Maltese Hospice Centre St. Raphael in Duisburg. In his sack, he also had a small donation of money in addition to delicious snacks[\/vc_column_text][vc_column_text css=&#8221;.vc_custom_1716884590673{margin-bottom: 15px !important;}&#8221;]This is intended to support the great and extremely important, and indispensable work of the hospice team. The staff of the hospice accompany and strengthen families whose children suffer from a progressive and life-shortening illness. With the best possible palliative and psychosocial care, we try to help maintain the quality of life for sick children, their families, and friends.[\/vc_column_text][vc_column_text css=&#8221;.vc_custom_1712764132430{margin-bottom: 15px !important;}&#8221;]As a company, we wanted to dispense with the printing and shipping of Christmas cards and donate the saved amount to a non-profit organization.[\/vc_column_text][vc_column_text css=&#8221;.vc_custom_1715073152903{margin-bottom: 15px !important;}&#8221;]Further information can be found at: <a href=\"https:\/\/www.malteser-straphael.de\/hauptmenue\/hilfe-fuer-angehoerige\/kinder-und-jugendhospizdienst.html\" target=\"_blank\" rel=\"noopener\">www.malteser-straphael.de<\/a>[\/vc_column_text][\/vc_column][\/vc_row][vc_row bg_type=&#8221;bg_color&#8221; bg_override=&#8221;full&#8221; bg_color_value=&#8221;#f5f5f5&#8243; css=&#8221;.vc_custom_1728633949183{padding-top: 100px !important;padding-bottom: 100px !important;}&#8221;][vc_column width=&#8221;1\/2&#8243; css=&#8221;.vc_custom_1728633932105{border-color: #ffffff !important;}&#8221;]<style type=\"text\/css\" data-type=\"the7_shortcodes-inline-css\">.shortcode-single-image-wrap.shortcode-single-image-17c91f1918bb56cf86ef5476b2d8a677.enable-bg-rollover .rollover i,\n.shortcode-single-image-wrap.shortcode-single-image-17c91f1918bb56cf86ef5476b2d8a677.enable-bg-rollover .rollover-video i {\n  background: -webkit-linear-gradient();\n  background: linear-gradient();\n}\n.shortcode-single-image-wrap.shortcode-single-image-17c91f1918bb56cf86ef5476b2d8a677 .rollover-icon {\n  font-size: 32px;\n  color: #ffffff;\n  min-width: 44px;\n  min-height: 44px;\n  line-height: 44px;\n  border-radius: 100px;\n  border-style: solid;\n  border-width: 0px;\n}\n.dt-icon-bg-on.shortcode-single-image-wrap.shortcode-single-image-17c91f1918bb56cf86ef5476b2d8a677 .rollover-icon {\n  background: rgba(255,255,255,0.3);\n  box-shadow: none;\n}<\/style><div class=\"shortcode-single-image-wrap shortcode-single-image-17c91f1918bb56cf86ef5476b2d8a677 alignnone  vc_custom_1712764469084 enable-bg-rollover dt-icon-bg-off\" ><div class=\"shortcode-single-image\"><div class=\"fancy-media-wrap\" style=\"\"><a class=\"layzr-bg rollover rollover-zoom dt-pswp-item pswp-image\" href=\"https:\/\/hoesch-spundwand.de\/wp-content\/uploads\/2024\/04\/hoesch.media-company-demo.eu-presse-und-medien-cen.png\" title=\"Draft Agenda of the 1st Meeting on CEN\/TC 459\/ SC 3\/WH 1\" data-dt-img-description=\"\" data-large_image_width=\"568\" data-large_image_height=\"779\" style=\"\"><img decoding=\"async\" class=\"preload-me lazy-load aspect\" src=\"data:image\/svg+xml,%3Csvg%20xmlns%3D&#39;http%3A%2F%2Fwww.w3.org%2F2000%2Fsvg&#39;%20viewBox%3D&#39;0%200%20568%20745&#39;%2F%3E\" data-src=\"https:\/\/hoesch-spundwand.de\/wp-content\/uploads\/2024\/04\/hoesch.media-company-demo.eu-presse-und-medien-cen-568x745.png\" data-srcset=\"https:\/\/hoesch-spundwand.de\/wp-content\/uploads\/2024\/04\/hoesch.media-company-demo.eu-presse-und-medien-cen-568x745.png 568w\" loading=\"eager\" style=\"--ratio: 568 \/ 745\" sizes=\"(max-width: 568px) 100vw, 568px\" width=\"568\" height=\"745\"  data-dt-location=\"https:\/\/hoesch-spundwand.de\/presse-medien\/attachment\/cen\/\" alt=\"Die KOHE SP Technology, welche f\u00fcr die technische Planung unseres Spundwand-Walzwerkes und f\u00fcr die Kalibrierung der verschiedenen Profile verantwortlich war, wurde im Jahr 2020 vom Europ\u00e4ischen Komitee f\u00fcr Normung (CEN) eingeladen, als Teil des Technischen Komitees CEN\/TC 459\/SC3\/WG 1, an der \u00dcberarbeitung der europ\u00e4ischen Norm f\u00fcr warmgewalzte Spundbohlen DIN EN 10248 mitzuwirken. Dieses Bild zeigt die Agenda der Veranstaltung.\" \/><\/a><\/div><\/div><\/div><style type=\"text\/css\" data-type=\"the7_shortcodes-inline-css\">.shortcode-single-image-wrap.shortcode-single-image-f5a50b9882c7d0658317a0e4e6343336.enable-bg-rollover .rollover i,\n.shortcode-single-image-wrap.shortcode-single-image-f5a50b9882c7d0658317a0e4e6343336.enable-bg-rollover .rollover-video i {\n  background: -webkit-linear-gradient();\n  background: linear-gradient();\n}\n.shortcode-single-image-wrap.shortcode-single-image-f5a50b9882c7d0658317a0e4e6343336 .rollover-icon {\n  font-size: 32px;\n  color: #ffffff;\n  min-width: 44px;\n  min-height: 44px;\n  line-height: 44px;\n  border-radius: 100px;\n  border-style: solid;\n  border-width: 0px;\n}\n.dt-icon-bg-on.shortcode-single-image-wrap.shortcode-single-image-f5a50b9882c7d0658317a0e4e6343336 .rollover-icon {\n  background: rgba(255,255,255,0.3);\n  box-shadow: none;\n}<\/style>[vc_column_text css=&#8221;&#8221;][\/vc_column_text][\/vc_column][vc_column width=&#8221;1\/2&#8243;]<div id=\"ultimate-heading-818969d62ac2589b7\" class=\"uvc-heading ult-adjust-bottom-margin ultimate-heading-818969d62ac2589b7 uvc-217 accent-border-color\" data-hspacer=\"line_only\"  data-halign=\"left\" style=\"text-align:left\"><div class=\"uvc-main-heading ult-responsive\"  data-ultimate-target='.uvc-heading.ultimate-heading-818969d62ac2589b7 h2'  data-responsive-json-new='{\"font-size\":\"desktop:26px;\",\"line-height\":\"desktop:36px;\"}' ><h2 style=\"font-weight:bold;\">KOHE SP Technology: Participation in new European standard for sheet piles<\/h2><\/div><div class=\"uvc-heading-spacer line_only\" style=\"margin-top:15px;margin-bottom:15px;height:4px;\"><span class=\"uvc-headings-line\" style=\"border-style:solid;border-bottom-width:4px;border-color:;width:50px;\"><\/span><\/div><\/div>[vc_column_text css=&#8221;.vc_custom_1712764442123{margin-bottom: 18px !important;}&#8221;]<em>02\/2020<\/em>[\/vc_column_text][vc_column_text css=&#8221;&#8221;]KOHE SP Technology, which was responsible for the technical planning of our sheet pile rolling mill and the calibration of the various profiles, was invited in 2020 by the European Committee for Standardization (CEN) to participate in the revision of the European standard for hot rolled sheet piles DIN EN 10248 as part of the Technical Committee CEN\/TC 459\/SC3\/WG 1.<\/p>\n<p>CEN is a privately run organization with the mission to promote the European economy in global trade, to ensure the well-being of citizens, and to promote environmental protection through an efficient infrastructure for the development, management, and distribution of consistent standards and specifications across Europe, accessible to all interested parties. CEN is responsible for European standards (EN) in all technical fields except electrical engineering and telecommunications.<\/p>\n<p>The above-mentioned standard DIN EN 10248 regulates the quality requirements for hot-rolled sheet piles made of steel with regard to their chemical composition, their mechanical properties, and determines the delivery conditions.[\/vc_column_text][\/vc_column][\/vc_row]<\/p>\n<\/div>","protected":false},"excerpt":{"rendered":"<p>[vc_row bg_type=&#8221;bg_color&#8221; bg_override=&#8221;full&#8221; css=&#8221;.vc_custom_1728633816983{margin-bottom: 80px !important;padding-top: 100px !important;padding-bottom: 100px !important;}&#8221; bg_color_value=&#8221;#f5f5f5&#8243;][vc_column width=&#8221;1\/2&#8243;][vc_row_inner][vc_column_inner width=&#8221;1\/2&#8243; css=&#8221;.vc_custom_1728467515127{padding-top: 100px !important;}&#8221;][\/vc_column_inner][vc_column_inner width=&#8221;1\/2&#8243; css=&#8221;.vc_custom_1728467523377{padding-top: 100px !important;}&#8221;][\/vc_column_inner][\/vc_row_inner][vc_row_inner][vc_column_inner width=&#8221;1\/2&#8243;][\/vc_column_inner][vc_column_inner width=&#8221;1\/2&#8243;][\/vc_column_inner][\/vc_row_inner][\/vc_column][vc_column width=&#8221;1\/2&#8243;][vc_column_text css=&#8221;.vc_custom_1728466840110{margin-bottom: 18px !important;}&#8221;]10\/2024[\/vc_column_text][vc_column_text css=&#8221;.vc_custom_1728470559769{margin-bottom: 15px !important;}&#8221;]At the beginning of October 2024, a three-person team from \u201cWestdeutscher Rundfunk\u201d paid us a visit to our office in Duisburg. The WDR crew, led by business&hellip;<\/p>\n","protected":false},"author":3,"featured_media":0,"parent":0,"menu_order":1,"comment_status":"closed","ping_status":"closed","template":"","meta":{"footnotes":""},"class_list":["post-3554","page","type-page","status-publish","hentry","description-off"],"_links":{"self":[{"href":"https:\/\/hoesch-spundwand.de\/en\/wp-json\/wp\/v2\/pages\/3554","targetHints":{"allow":["GET"]}}],"collection":[{"href":"https:\/\/hoesch-spundwand.de\/en\/wp-json\/wp\/v2\/pages"}],"about":[{"href":"https:\/\/hoesch-spundwand.de\/en\/wp-json\/wp\/v2\/types\/page"}],"author":[{"embeddable":true,"href":"https:\/\/hoesch-spundwand.de\/en\/wp-json\/wp\/v2\/users\/3"}],"replies":[{"embeddable":true,"href":"https:\/\/hoesch-spundwand.de\/en\/wp-json\/wp\/v2\/comments?post=3554"}],"version-history":[{"count":46,"href":"https:\/\/hoesch-spundwand.de\/en\/wp-json\/wp\/v2\/pages\/3554\/revisions"}],"predecessor-version":[{"id":4575,"href":"https:\/\/hoesch-spundwand.de\/en\/wp-json\/wp\/v2\/pages\/3554\/revisions\/4575"}],"wp:attachment":[{"href":"https:\/\/hoesch-spundwand.de\/en\/wp-json\/wp\/v2\/media?parent=3554"}],"curies":[{"name":"wp","href":"https:\/\/api.w.org\/{rel}","templated":true}]}}